{"id":45,"date":"2020-07-11T10:14:52","date_gmt":"2020-07-11T10:14:52","guid":{"rendered":"https:\/\/blackbossmusic.com\/?page_id=45"},"modified":"2024-05-03T06:52:56","modified_gmt":"2024-05-03T06:52:56","slug":"ueber-uns","status":"publish","type":"page","link":"https:\/\/julibeauty.ch\/index.php\/ueber-uns\/","title":{"rendered":"\u00dcber mich"},"content":{"rendered":"<p>[et_pb_section fb_built=&#8220;1&#8243; specialty=&#8220;on&#8220; padding_top_1=&#8220;110px&#8220; padding_top_bottom_link_1=&#8220;false&#8220; padding_1_tablet=&#8220;|||&#8220; padding_1_last_edited=&#8220;off|desktop&#8220; disabled_on=&#8220;on|on|on&#8220; admin_label=&#8220;Header&#8220; _builder_version=&#8220;4.18.0&#8243; background_enable_image=&#8220;off&#8220; background_size=&#8220;initial&#8220; background_position=&#8220;top_left&#8220; custom_padding=&#8220;100px|0px|54px|0px|false|false&#8220; disabled=&#8220;on&#8220; global_colors_info=&#8220;{}&#8220;][et_pb_column type=&#8220;1_2&#8243; _builder_version=&#8220;4.16&#8243; custom_padding=&#8220;|||&#8220; global_colors_info=&#8220;{}&#8220; custom_padding__hover=&#8220;|||&#8220;][et_pb_text _builder_version=&#8220;4.16&#8243; text_font=&#8220;Open Sans||||||||&#8220; text_font_size=&#8220;16px&#8220; text_line_height=&#8220;2em&#8220; header_font=&#8220;Playfair Display SC||||||||&#8220; header_font_size=&#8220;50px&#8220; header_line_height=&#8220;1.5em&#8220; header_2_font=&#8220;Playfair Display SC||||||||&#8220; header_2_font_size=&#8220;24px&#8220; header_2_line_height=&#8220;1.3em&#8220; header_6_font=&#8220;||||||||&#8220; max_width_last_edited=&#8220;off|desktop&#8220; module_alignment=&#8220;center&#8220; custom_margin=&#8220;-32px||80px|||&#8220; custom_padding=&#8220;|||&#8220; text_font_size_tablet=&#8220;&#8220; text_font_size_phone=&#8220;14px&#8220; text_font_size_last_edited=&#8220;on|desktop&#8220; header_font_size_tablet=&#8220;50px&#8220; header_font_size_phone=&#8220;32px&#8220; header_font_size_last_edited=&#8220;on|phone&#8220; header_2_font_size_tablet=&#8220;&#8220; header_2_font_size_phone=&#8220;20px&#8220; header_2_font_size_last_edited=&#8220;on|desktop&#8220; locked=&#8220;off&#8220; global_colors_info=&#8220;{}&#8220;]<\/p>\n<h1>\u00dcber Mich<\/h1>\n<h2>Juli Beuaty Hair &amp; Make Up<\/h2>\n<div data-contents=\"true\">\n<div class=\"\" data-block=\"true\" data-editor=\"99d6n\" data-offset-key=\"5uqfd-0-0\">\n<div data-offset-key=\"5uqfd-0-0\" class=\"public-DraftStyleDefault-block public-DraftStyleDefault-ltr\"><span data-offset-key=\"5uqfd-0-0\">In voller Vertrautheit und Freundschaft haben wir etwas <\/span><span data-entity-key=\"32\" data-offset-key=\"5uqfd-1-0\" id=\"decorator-corrected-entity-id-32\"><span data-offset-key=\"5uqfd-1-0\">erschaffen, was<\/span><\/span><span data-offset-key=\"5uqfd-2-0\"> uns voller Stolz <\/span><span data-entity-key=\"39\" data-offset-key=\"5uqfd-3-0\" id=\"decorator-corrected-entity-id-39\"><span data-offset-key=\"5uqfd-3-0\">erf\u00fcllt, wo<\/span><\/span><span data-offset-key=\"5uqfd-4-0\"> uns andere als verr\u00fcckt bezeichnen. Wahre Freunde stolpern zuf\u00e4llig in dein Leben und bleiben mit voller Absicht. Die Idee zu unserem Salon begann an Weihnachten uns so f\u00fchrte eines zum <\/span><span data-entity-key=\"45\" data-offset-key=\"5uqfd-5-0\" id=\"decorator-corrected-entity-id-45\"><span data-offset-key=\"5uqfd-5-0\">anderem, wir<\/span><\/span><span data-offset-key=\"5uqfd-6-0\"> haben einige Steine wegschaffen m\u00fcssen, aber haben es geschafft mit einer kleinen Portion Mut und die Mischung von Vernunft haben wir es geschafft. Der <\/span><span data-entity-key=\"54\" data-offset-key=\"5uqfd-7-0\" id=\"decorator-corrected-entity-id-54\"><span data-offset-key=\"5uqfd-7-0\">steile<\/span><\/span><span data-offset-key=\"5uqfd-8-0\"> Weg kommt noch, aber mit der W\u00fcrze unserer Freundschaft und Gesch\u00e4ft Partnerschaft k\u00f6nnen wir alles <\/span><span data-entity-key=\"58\" data-offset-key=\"5uqfd-9-0\" id=\"decorator-corrected-entity-id-58\"><span data-offset-key=\"5uqfd-9-0\">schaffen, was<\/span><\/span><span data-offset-key=\"5uqfd-10-0\"> wir wollen. Sofern wir unser Ziel nicht aus den Augen <\/span><span data-entity-key=\"61\" data-offset-key=\"5uqfd-11-0\" id=\"decorator-corrected-entity-id-61\"><span data-offset-key=\"5uqfd-11-0\">verlieren. <\/span><\/span><span data-entity-key=\"65\" data-offset-key=\"5uqfd-12-0\" id=\"decorator-corrected-entity-id-65\"><span data-offset-key=\"5uqfd-12-0\">Das<\/span><\/span><span data-offset-key=\"5uqfd-13-0\"> ist JULI Beauty Hair<\/span><span data-offset-key=\"5uqfd-15-0\">.<\/span><\/div>\n<div data-offset-key=\"5uqfd-0-0\" class=\"public-DraftStyleDefault-block public-DraftStyleDefault-ltr\"><span data-offset-key=\"5uqfd-15-0\"><\/span><\/div>\n<div data-offset-key=\"5uqfd-0-0\" class=\"public-DraftStyleDefault-block public-DraftStyleDefault-ltr\"><span data-offset-key=\"5uqfd-15-0\"><\/span><\/div>\n<div data-offset-key=\"5uqfd-0-0\" class=\"public-DraftStyleDefault-block public-DraftStyleDefault-ltr\"><span data-offset-key=\"5uqfd-15-0\"><\/span><\/div>\n<\/div>\n<\/div>\n<p>&nbsp;<\/p>\n<div data-contents=\"true\">\n<div class=\"\" data-block=\"true\" data-editor=\"99d6n\" data-offset-key=\"5uqfd-0-0\">\n<div data-offset-key=\"5uqfd-0-0\" class=\"public-DraftStyleDefault-block public-DraftStyleDefault-ltr\"><span data-entity-key=\"119\" data-offset-key=\"5uqfd-0-0\" id=\"decorator-synonym-entity-id-119\"><span data-offset-key=\"5uqfd-0-0\">JULI <\/span><\/span><span data-offset-key=\"5uqfd-1-0\">Beauty <\/span><span data-entity-key=\"78\" data-offset-key=\"5uqfd-2-0\" id=\"decorator-ignored-entity-id-78\"><span data-offset-key=\"5uqfd-2-0\">Hair<\/span><\/span><span data-offset-key=\"5uqfd-3-0\"> beschreibt mich und <\/span><span data-entity-key=\"89\" data-offset-key=\"5uqfd-4-0\" id=\"decorator-ignored-entity-id-89\"><span data-offset-key=\"5uqfd-4-0\">Lidija<\/span><\/span><span data-offset-key=\"5uqfd-5-0\"> die mutig sind in einer Welt sich <\/span><span data-entity-key=\"97\" data-offset-key=\"5uqfd-6-0\" id=\"decorator-corrected-entity-id-97\"><span data-offset-key=\"5uqfd-6-0\">selbstst\u00e4ndig<\/span><\/span><span data-offset-key=\"5uqfd-7-0\"> zu <\/span><span data-entity-key=\"103\" data-offset-key=\"5uqfd-8-0\" id=\"decorator-corrected-entity-id-103\"><span data-offset-key=\"5uqfd-8-0\">machen, die<\/span><\/span><span data-offset-key=\"5uqfd-9-0\"> gerade auch mal Kopfstehen kann, wir verbiegen uns f\u00fcr niemanden und begegnen jeden Menschen mit Respekt und so ist jeder Mensch bei JULI Beauty <\/span><span data-entity-key=\"79\" data-offset-key=\"5uqfd-10-0\" id=\"decorator-ignored-entity-id-79\"><span data-offset-key=\"5uqfd-10-0\">Hair<\/span><\/span><span data-offset-key=\"5uqfd-11-0\"> herzlich <\/span><span data-entity-key=\"108\" data-offset-key=\"5uqfd-12-0\" id=\"decorator-corrected-entity-id-108\"><span data-offset-key=\"5uqfd-12-0\">willkommen<\/span><\/span><span data-offset-key=\"5uqfd-13-0\">.<\/span><\/div>\n<\/div>\n<div class=\"\" data-block=\"true\" data-editor=\"99d6n\" data-offset-key=\"asr1s-0-0\">\n<div data-offset-key=\"asr1s-0-0\" class=\"public-DraftStyleDefault-block public-DraftStyleDefault-ltr\"><span data-offset-key=\"asr1s-0-0\">Unser Ziel ist weit vom Horizont, aber so nah wie der Wind.<\/span><\/div>\n<\/div>\n<div class=\"\" data-block=\"true\" data-editor=\"99d6n\" data-offset-key=\"9o4lv-0-0\">\n<div data-offset-key=\"9o4lv-0-0\" class=\"public-DraftStyleDefault-block public-DraftStyleDefault-ltr\"><span data-offset-key=\"9o4lv-0-0\">Unser Mantra: <\/span><span data-entity-key=\"112\" data-offset-key=\"9o4lv-1-0\" id=\"decorator-corrected-entity-id-112\"><span data-offset-key=\"9o4lv-1-0\">Selbst wenn<\/span><\/span><span data-offset-key=\"9o4lv-2-0\"> das Leben nicht perfekt <\/span><span data-entity-key=\"115\" data-offset-key=\"9o4lv-3-0\" id=\"decorator-corrected-entity-id-115\"><span data-offset-key=\"9o4lv-3-0\">ist, k\u00f6nnen<\/span><\/span><span data-offset-key=\"9o4lv-4-0\"> deine Haare und Gesicht aber sein.<\/span><\/div>\n<\/div>\n<div class=\"\" data-block=\"true\" data-editor=\"99d6n\" data-offset-key=\"5v53b-0-0\">\n<div data-offset-key=\"5v53b-0-0\" class=\"public-DraftStyleDefault-block public-DraftStyleDefault-ltr\"><span data-entity-key=\"117\" data-offset-key=\"5v53b-0-0\" id=\"decorator-ignored-entity-id-117\"><span data-offset-key=\"5v53b-0-0\">Julija<\/span><\/span><span data-offset-key=\"5v53b-1-0\"> und <\/span><span data-entity-key=\"90\" data-offset-key=\"5v53b-2-0\" id=\"decorator-ignored-entity-id-90\"><span data-offset-key=\"5v53b-2-0\">Lidija<\/span><\/span><span data-offset-key=\"5v53b-3-0\"> sind JULI Beauty <\/span><span data-entity-key=\"80\" data-offset-key=\"5v53b-4-0\" id=\"decorator-ignored-entity-id-80\"><span data-offset-key=\"5v53b-4-0\">Hair<\/span><\/span><span data-offset-key=\"5v53b-5-0\"> und lerne uns kennen und lass dich von unseren Salon <\/span><span data-entity-key=\"118\" data-offset-key=\"5v53b-6-0\" id=\"decorator-synonym-entity-id-118\"><span data-offset-key=\"5v53b-6-0\">verzaubern<\/span><\/span><span data-offset-key=\"5v53b-7-0\">.<\/span><\/div>\n<\/div>\n<\/div>\n<p>Xoxo Julija und Lidija<\/p>\n<p>[\/et_pb_text][\/et_pb_column][et_pb_column type=&#8220;1_2&#8243; specialty_columns=&#8220;2&#8243; _builder_version=&#8220;4.16&#8243; custom_padding=&#8220;|||&#8220; global_colors_info=&#8220;{}&#8220; custom_padding__hover=&#8220;|||&#8220;][et_pb_row_inner _builder_version=&#8220;4.16&#8243; custom_margin_tablet=&#8220;100px|||&#8220; custom_margin_phone=&#8220;&#8220; custom_margin_last_edited=&#8220;on|phone&#8220; custom_padding=&#8220;0|0px|0|0px|true|false&#8220; box_shadow_style=&#8220;preset4&#8243; box_shadow_horizontal=&#8220;260px&#8220; box_shadow_vertical=&#8220;-100px&#8220; box_shadow_color=&#8220;#e6bf95&#8243; global_colors_info=&#8220;{}&#8220;][et_pb_column_inner saved_specialty_column_type=&#8220;1_2&#8243; _builder_version=&#8220;4.16&#8243; custom_padding=&#8220;|||&#8220; global_colors_info=&#8220;{}&#8220; custom_padding__hover=&#8220;|||&#8220;][et_pb_image src=&#8220;https:\/\/julibeauty.ch\/wp-content\/uploads\/2021\/08\/studerproductions_11-1-scaled.jpg&#8220; title_text=&#8220;studerproductions_11 (1)&#8220; align_tablet=&#8220;center&#8220; align_phone=&#8220;&#8220; align_last_edited=&#8220;on|desktop&#8220; _builder_version=&#8220;4.16&#8243; animation_style=&#8220;zoom&#8220; animation_intensity_zoom=&#8220;5%&#8220; border_width_all=&#8220;24px&#8220; border_color_all=&#8220;#ffffff&#8220; box_shadow_style=&#8220;preset3&#8243; box_shadow_vertical=&#8220;70px&#8220; box_shadow_blur=&#8220;150px&#8220; box_shadow_color=&#8220;#9d7759&#8243; locked=&#8220;off&#8220; global_colors_info=&#8220;{}&#8220;][\/et_pb_image][\/et_pb_column_inner][\/et_pb_row_inner][\/et_pb_column][\/et_pb_section][et_pb_section fb_built=&#8220;1&#8243; admin_label=&#8220;About&#8220; _builder_version=&#8220;4.16&#8243; custom_padding=&#8220;0px|0px|0px|0px|true|false&#8220; saved_tabs=&#8220;all&#8220; global_colors_info=&#8220;{}&#8220;][et_pb_row column_structure=&#8220;2_3,1_3&#8243; padding_top_bottom_link_2=&#8220;true&#8220; padding_left_right_link_2=&#8220;false&#8220; _builder_version=&#8220;4.16&#8243; width=&#8220;90%&#8220; max_width=&#8220;90%&#8220; module_alignment=&#8220;left&#8220; custom_padding=&#8220;||0px|||&#8220; use_custom_width=&#8220;on&#8220; width_unit=&#8220;off&#8220; custom_width_percent=&#8220;90%&#8220; global_colors_info=&#8220;{}&#8220;][et_pb_column type=&#8220;2_3&#8243; _builder_version=&#8220;4.16&#8243; custom_padding=&#8220;|||&#8220; custom_padding_tablet=&#8220;|||||false&#8220; custom_padding_phone=&#8220;|||||false&#8220; custom_padding_last_edited=&#8220;off|desktop&#8220; global_colors_info=&#8220;{}&#8220; custom_padding__hover=&#8220;|||&#8220;][et_pb_image src=&#8220;https:\/\/julibeauty.ch\/wp-content\/uploads\/2021\/08\/studerproductions_42-scaled.jpg&#8220; title_text=&#8220;studerproductions_42&#8243; align_tablet=&#8220;center&#8220; align_phone=&#8220;&#8220; align_last_edited=&#8220;on|desktop&#8220; _builder_version=&#8220;4.16&#8243; transform_scale=&#8220;68%|68%&#8220; transform_translate=&#8220;-12px|-304px&#8220; custom_margin=&#8220;||-80px|&#8220; custom_margin_tablet=&#8220;||0px|&#8220; custom_margin_phone=&#8220;&#8220; custom_margin_last_edited=&#8220;on|desktop&#8220; animation_style=&#8220;zoom&#8220; animation_intensity_zoom=&#8220;5%&#8220; border_width_all=&#8220;24px&#8220; border_color_all=&#8220;#ffffff&#8220; box_shadow_style=&#8220;preset3&#8243; box_shadow_vertical=&#8220;70px&#8220; box_shadow_blur=&#8220;150px&#8220; box_shadow_color=&#8220;#e6bf95&#8243; global_colors_info=&#8220;{}&#8220;][\/et_pb_image][\/et_pb_column][et_pb_column type=&#8220;1_3&#8243; _builder_version=&#8220;4.16&#8243; custom_padding=&#8220;60px||60px|&#8220; custom_padding_tablet=&#8220;0px||0px|10vw|true|false&#8220; custom_padding_phone=&#8220;|||||false&#8220; custom_padding_last_edited=&#8220;on|tablet&#8220; global_colors_info=&#8220;{}&#8220; custom_padding__hover=&#8220;|||&#8220;][et_pb_text _builder_version=&#8220;4.16&#8243; text_font=&#8220;Open Sans||||||||&#8220; text_line_height=&#8220;2em&#8220; header_font=&#8220;||||||||&#8220; header_2_font=&#8220;Playfair Display SC||||||||&#8220; header_2_font_size=&#8220;45px&#8220; header_2_line_height=&#8220;1.3em&#8220; header_6_font=&#8220;||||||||&#8220; max_width_last_edited=&#8220;off|desktop&#8220; module_alignment=&#8220;center&#8220; custom_margin=&#8220;|||&#8220; custom_padding=&#8220;|||&#8220; header_2_font_size_tablet=&#8220;40px&#8220; header_2_font_size_phone=&#8220;28px&#8220; header_2_font_size_last_edited=&#8220;on|phone&#8220; global_colors_info=&#8220;{}&#8220;]<\/p>\n<h2>\u00dcber mich<\/h2>\n<div class=\"\" data-block=\"true\" data-editor=\"99d6n\" data-offset-key=\"5uqfd-0-0\">\n<div data-offset-key=\"5uqfd-0-0\" class=\"public-DraftStyleDefault-block public-DraftStyleDefault-ltr\"><span data-offset-key=\"5uqfd-0-0\">Ich machte meine Erfahrungen und beruflichen Weg bei sehr viel guten renommierten Coiffeuren von <\/span><span data-entity-key=\"135\" data-offset-key=\"5uqfd-1-0\" id=\"decorator-ignored-entity-id-135\"><span data-offset-key=\"5uqfd-1-0\">St.Gallen<\/span><\/span><span data-offset-key=\"5uqfd-2-0\"> \u00fcber Schaffhausen nach Thurgau. So lernte ich die perfekten F\u00f6hnfrisuren, den besten Haarschnitte und die kreativsten Haarfarben zu erschaffen.<\/span><\/div>\n<\/div>\n<div class=\"\" data-block=\"true\" data-editor=\"99d6n\" data-offset-key=\"1hs9i-0-0\">\n<div data-offset-key=\"1hs9i-0-0\" class=\"public-DraftStyleDefault-block public-DraftStyleDefault-ltr\"><span data-offset-key=\"1hs9i-0-0\">1999 wurde <\/span><span data-entity-key=\"139\" data-offset-key=\"1hs9i-1-0\" id=\"decorator-corrected-entity-id-139\"><span data-offset-key=\"1hs9i-1-0\">ich<\/span><\/span><span data-offset-key=\"1hs9i-2-0\"> leicht <\/span><span data-entity-key=\"142\" data-offset-key=\"1hs9i-3-0\" id=\"decorator-corrected-entity-id-142\"><span data-offset-key=\"1hs9i-3-0\">zu meinem<\/span><\/span><span data-offset-key=\"1hs9i-4-0\"> Gl\u00fcck gezwungen, da <\/span><span data-entity-key=\"144\" data-offset-key=\"1hs9i-5-0\" id=\"decorator-corrected-entity-id-144\"><span data-offset-key=\"1hs9i-5-0\">ich<\/span><\/span><span data-offset-key=\"1hs9i-6-0\"> eigentlich Grafikerin werden wollten und so begann ich mein Praktikum als Coiffeure. Die Arbeit mit Farben, Formen und etwas Kreatives erschaffen und Architektur hat mich schon immer begeistert. Warum dies nicht an den Haaren probieren. Wie schon oben erw\u00e4hnt. Ein perfekter Haarschnitt versch\u00f6nert noch mehr ein Gesicht wie ein Architekt eine Stadt.<\/span><\/div>\n<\/div>\n<div class=\"\" data-block=\"true\" data-editor=\"99d6n\" data-offset-key=\"5uqfd-0-0\">\n<div data-offset-key=\"5uqfd-0-0\" class=\"public-DraftStyleDefault-block public-DraftStyleDefault-ltr\"><span data-offset-key=\"5uqfd-0-0\">So beginnt mein Werdegang als Coiffeure 2001 bis 2005 absolvierte ich meine <\/span><span data-entity-key=\"149\" data-offset-key=\"5uqfd-1-0\" id=\"decorator-ignored-entity-id-149\"><span data-offset-key=\"5uqfd-1-0\">vier J\u00e4hrige<\/span><\/span><span data-offset-key=\"5uqfd-2-0\"> Lehre Damen und Herren Coiffeure beides in Romanshorn und <\/span><span data-entity-key=\"153\" data-offset-key=\"5uqfd-3-0\" id=\"decorator-ignored-entity-id-153\"><span data-offset-key=\"5uqfd-3-0\">St.Gallen.<\/span><\/span><span data-offset-key=\"5uqfd-4-0\"> Ich versch\u00f6nere nicht nur die Damenwelt, sondern habe auch die M\u00e4nner mit Bart oder ohne. Meine Erfahrung als Herren Coiffeure nach 19 Jahren nach der einj\u00e4hrigen Zusatzlehre auch cool als Frau zu beweisen das nicht nur die <\/span><span data-entity-key=\"156\" data-offset-key=\"5uqfd-5-0\" id=\"decorator-corrected-entity-id-156\"><span data-offset-key=\"5uqfd-5-0\">m\u00e4nnlichen<\/span><\/span><span data-offset-key=\"5uqfd-6-0\"> Kollegen eine perfekte Rasur hinbekommen und die Augenbrauen <\/span><span data-entity-key=\"158\" data-offset-key=\"5uqfd-7-0\" id=\"decorator-ignored-entity-id-158\"><span data-offset-key=\"5uqfd-7-0\">waxxen<\/span><\/span><span data-offset-key=\"5uqfd-8-0\"> k\u00f6nnen, nein bei mir inklusive Gesicht und Kopfmassage.<\/span><\/div>\n<\/div>\n<div class=\"\" data-block=\"true\" data-editor=\"99d6n\" data-offset-key=\"5uqfd-0-0\">\n<div data-offset-key=\"5uqfd-0-0\" class=\"public-DraftStyleDefault-block public-DraftStyleDefault-ltr\"><span data-entity-key=\"260\" data-offset-key=\"5uqfd-0-0\" id=\"decorator-synonym-entity-id-260\"><span data-offset-key=\"5uqfd-0-0\">F\u00fcr <\/span><\/span><span data-offset-key=\"5uqfd-1-0\">mich ist es <\/span><span data-entity-key=\"171\" data-offset-key=\"5uqfd-2-0\" id=\"decorator-corrected-entity-id-171\"><span data-offset-key=\"5uqfd-2-0\">wichtig, einer<\/span><\/span><span data-offset-key=\"5uqfd-3-0\"> Kundin oder Kunden niemals das zu <\/span><span data-entity-key=\"183\" data-offset-key=\"5uqfd-4-0\" id=\"decorator-corrected-entity-id-183\"><span data-offset-key=\"5uqfd-4-0\">machen, was<\/span><\/span><span data-offset-key=\"5uqfd-5-0\"> ich selber nicht m\u00f6chte, also werden alle meine Kunden individuell und exklusiv behandelt. Ich arbeite sehr gerne mit den Produkten von <\/span><span data-entity-key=\"194\" data-offset-key=\"5uqfd-6-0\" id=\"decorator-ignored-entity-id-194\"><span data-offset-key=\"5uqfd-6-0\">Sassoon<\/span><\/span><span data-offset-key=\"5uqfd-7-0\">, <\/span><span data-entity-key=\"204\" data-offset-key=\"5uqfd-8-0\" id=\"decorator-ignored-entity-id-204\"><span data-offset-key=\"5uqfd-8-0\">GHD<\/span><\/span><span data-offset-key=\"5uqfd-9-0\">, sowie <\/span><span data-entity-key=\"213\" data-offset-key=\"5uqfd-10-0\" id=\"decorator-ignored-entity-id-213\"><span data-offset-key=\"5uqfd-10-0\">Elgon<\/span><\/span><span data-offset-key=\"5uqfd-11-0\"> und auch <\/span><span data-entity-key=\"221\" data-offset-key=\"5uqfd-12-0\" id=\"decorator-ignored-entity-id-221\"><span data-offset-key=\"5uqfd-12-0\">Redken<\/span><\/span><span data-offset-key=\"5uqfd-13-0\"> ich musste vieles <\/span><span data-entity-key=\"235\" data-offset-key=\"5uqfd-14-0\" id=\"decorator-corrected-entity-id-235\"><span data-offset-key=\"5uqfd-14-0\">ausprobieren<\/span><\/span><span data-entity-key=\"228\" data-offset-key=\"5uqfd-15-0\" id=\"decorator-corrected-entity-id-228\"><span data-offset-key=\"5uqfd-15-0\">, um<\/span><\/span><span data-offset-key=\"5uqfd-16-0\"> <\/span><span data-entity-key=\"247\" data-offset-key=\"5uqfd-17-0\" id=\"decorator-corrected-entity-id-247\"><span data-offset-key=\"5uqfd-17-0\">herauszufinden, was<\/span><\/span><span data-offset-key=\"5uqfd-18-0\"> f\u00fcr meine Kundschaft, dass Beste sein <\/span><span data-entity-key=\"252\" data-offset-key=\"5uqfd-19-0\" id=\"decorator-corrected-entity-id-252\"><span data-offset-key=\"5uqfd-19-0\">wird. Eine<\/span><\/span><span data-offset-key=\"5uqfd-20-0\"> Frisur ist keine Arbeit, es ist eine Kunst. Ich kann nicht die Welt ver\u00e4ndern, aber ich kann deine Haare ver\u00e4ndern.<\/span><\/div>\n<\/div>\n<div class=\"\" data-block=\"true\" data-editor=\"99d6n\" data-offset-key=\"6b5i0-0-0\">\n<div data-offset-key=\"6b5i0-0-0\" class=\"public-DraftStyleDefault-block public-DraftStyleDefault-ltr\"><span data-offset-key=\"6b5i0-0-0\">Wie sagte Marilyn Monroes: \u201eUnvollkommenheit ist Sch\u00f6nheit, Wahnsinn ist Genialit\u00e4t und es besser absolut l\u00e4cherlich zu sein, als total langweilig<\/span><span data-entity-key=\"259\" data-offset-key=\"6b5i0-1-0\" id=\"decorator-corrected-entity-id-259\"><span data-offset-key=\"6b5i0-1-0\">\u201c.<\/span><\/span><\/div>\n<\/div>\n<p>&nbsp;<\/p>\n<p>[\/et_pb_text][\/et_pb_column][\/et_pb_row][\/et_pb_section][et_pb_section fb_built=&#8220;1&#8243; admin_label=&#8220;Footer&#8220; _builder_version=&#8220;4.16&#8243; background_color=&#8220;#1f1f1f&#8220; saved_tabs=&#8220;all&#8220; global_colors_info=&#8220;{}&#8220;][et_pb_row column_structure=&#8220;1_4,1_4,1_2&#8243; _builder_version=&#8220;4.16&#8243; global_colors_info=&#8220;{}&#8220;][et_pb_column type=&#8220;1_4&#8243; _builder_version=&#8220;4.16&#8243; custom_padding=&#8220;|||&#8220; global_colors_info=&#8220;{}&#8220; custom_padding__hover=&#8220;|||&#8220;][et_pb_text _builder_version=&#8220;4.16&#8243; text_font=&#8220;||||||||&#8220; link_font=&#8220;Open Sans|600|||||||&#8220; link_text_color=&#8220;#8d8181&#8243; link_font_size=&#8220;16px&#8220; link_line_height=&#8220;2em&#8220; header_font=&#8220;||||||||&#8220; header_2_font=&#8220;||||||||&#8220; header_3_font=&#8220;||||||||&#8220; header_4_font=&#8220;Playfair Display SC||||||||&#8220; header_4_font_size=&#8220;20px&#8220; header_4_line_height=&#8220;1.5em&#8220; background_layout=&#8220;dark&#8220; custom_margin=&#8220;|||&#8220; global_colors_info=&#8220;{}&#8220;]<\/p>\n<h4>Kontakt<\/h4>\n<p><a href=\"#top\"><span class=\"d2edcug0 hpfvmrgz qv66sw1b c1et5uql lr9zc1uh a8c37x1j keod5gw0 nxhoafnm aigsh9s9 d3f4x2em fe6kdd0r mau55g9w c8b282yb iv3no6db jq4qci2q a3bd9o3v knj5qynh oo9gr5id\" dir=\"auto\">+41 79 621 30 29\u00a0\u00a0\u00a0\u00a0\u00a0\u00a0\u00a0\u00a0\u00a0\u00a0\u00a0\u00a0\u00a0\u00a0\u00a0\u00a0\u00a0\u00a0\u00a0\u00a0\u00a0\u00a0\u00a0 <\/span>info@julibeauty.ch<br \/><\/a><\/p>\n<p>[\/et_pb_text][\/et_pb_column][et_pb_column type=&#8220;1_4&#8243; _builder_version=&#8220;4.16&#8243; custom_padding=&#8220;|||&#8220; global_colors_info=&#8220;{}&#8220; custom_padding__hover=&#8220;|||&#8220;][et_pb_text _builder_version=&#8220;4.16&#8243; text_font=&#8220;||||||||&#8220; link_font=&#8220;Open Sans|600|||||||&#8220; link_text_color=&#8220;#8d8181&#8243; link_font_size=&#8220;16px&#8220; link_line_height=&#8220;2em&#8220; header_font=&#8220;||||||||&#8220; header_2_font=&#8220;||||||||&#8220; header_3_font=&#8220;||||||||&#8220; header_4_font=&#8220;Playfair Display SC||||||||&#8220; header_4_font_size=&#8220;20px&#8220; header_4_line_height=&#8220;1.5em&#8220; background_layout=&#8220;dark&#8220; custom_margin=&#8220;|||&#8220; global_colors_info=&#8220;{}&#8220;]<\/p>\n<h4>Adresse<\/h4>\n<p><a href=\"#top\">Hauptstrasse 68<br \/>8280 Kreuzlingen<\/a><\/p>\n<p>[\/et_pb_text][et_pb_text _builder_version=&#8220;4.16&#8243; text_font=&#8220;||||||||&#8220; link_font=&#8220;Open Sans|600|||||||&#8220; link_text_color=&#8220;#8d8181&#8243; link_font_size=&#8220;16px&#8220; link_line_height=&#8220;2em&#8220; header_font=&#8220;||||||||&#8220; header_2_font=&#8220;||||||||&#8220; header_3_font=&#8220;||||||||&#8220; header_4_font=&#8220;Playfair Display SC||||||||&#8220; header_4_font_size=&#8220;20px&#8220; header_4_line_height=&#8220;1.5em&#8220; background_layout=&#8220;dark&#8220; custom_margin=&#8220;20px||0px|&#8220; global_colors_info=&#8220;{}&#8220;]<\/p>\n<h4>Follow Me<\/h4>\n<p>[\/et_pb_text][et_pb_social_media_follow _builder_version=&#8220;4.16&#8243; custom_margin=&#8220;1px|||&#8220; border_radii=&#8220;on|0px|0px|0px|0px&#8220; border_width_all=&#8220;8px&#8220; border_color_all=&#8220;rgba(0,0,0,0)&#8220; global_colors_info=&#8220;{}&#8220;][et_pb_social_media_follow_network social_network=&#8220;facebook&#8220; _builder_version=&#8220;4.16&#8243; background_color=&#8220;rgba(141,129,129,0.15)&#8220; global_colors_info=&#8220;{}&#8220; follow_button=&#8220;off&#8220; url_new_window=&#8220;on&#8220;]facebook[\/et_pb_social_media_follow_network][et_pb_social_media_follow_network social_network=&#8220;instagram&#8220; _builder_version=&#8220;4.16&#8243; background_color=&#8220;rgba(141,129,129,0.15)&#8220; global_colors_info=&#8220;{}&#8220; follow_button=&#8220;off&#8220; url_new_window=&#8220;on&#8220;]instagram[\/et_pb_social_media_follow_network][\/et_pb_social_media_follow][\/et_pb_column][et_pb_column type=&#8220;1_2&#8243; _builder_version=&#8220;4.16&#8243; custom_padding=&#8220;|||&#8220; global_colors_info=&#8220;{}&#8220; custom_padding__hover=&#8220;|||&#8220;][\/et_pb_column][\/et_pb_row][\/et_pb_section]<\/p>\n","protected":false},"excerpt":{"rendered":"<p>\u00dcber Mich Juli Beuaty Hair &amp; Make Up In voller Vertrautheit und Freundschaft haben wir etwas erschaffen, was uns voller Stolz erf\u00fcllt, wo uns andere als verr\u00fcckt bezeichnen. Wahre Freunde stolpern zuf\u00e4llig in dein Leben und bleiben mit voller Absicht. Die Idee zu unserem Salon begann an Weihnachten uns so f\u00fchrte eines zum anderem, wir [&hellip;]<\/p>\n","protected":false},"author":1,"featured_media":0,"parent":0,"menu_order":0,"comment_status":"closed","ping_status":"closed","template":"","meta":{"_et_pb_use_builder":"on","_et_pb_old_content":"<!-- wp:divi\/placeholder \/-->","_et_gb_content_width":"","footnotes":""},"class_list":["post-45","page","type-page","status-publish","hentry"],"aioseo_notices":[],"_links":{"self":[{"href":"https:\/\/julibeauty.ch\/index.php\/wp-json\/wp\/v2\/pages\/45","targetHints":{"allow":["GET"]}}],"collection":[{"href":"https:\/\/julibeauty.ch\/index.php\/wp-json\/wp\/v2\/pages"}],"about":[{"href":"https:\/\/julibeauty.ch\/index.php\/wp-json\/wp\/v2\/types\/page"}],"author":[{"embeddable":true,"href":"https:\/\/julibeauty.ch\/index.php\/wp-json\/wp\/v2\/users\/1"}],"replies":[{"embeddable":true,"href":"https:\/\/julibeauty.ch\/index.php\/wp-json\/wp\/v2\/comments?post=45"}],"version-history":[{"count":45,"href":"https:\/\/julibeauty.ch\/index.php\/wp-json\/wp\/v2\/pages\/45\/revisions"}],"predecessor-version":[{"id":4367,"href":"https:\/\/julibeauty.ch\/index.php\/wp-json\/wp\/v2\/pages\/45\/revisions\/4367"}],"wp:attachment":[{"href":"https:\/\/julibeauty.ch\/index.php\/wp-json\/wp\/v2\/media?parent=45"}],"curies":[{"name":"wp","href":"https:\/\/api.w.org\/{rel}","templated":true}]}}